{"id":1942,"date":"2023-04-13T10:30:34","date_gmt":"2023-04-13T10:30:34","guid":{"rendered":"https:\/\/ibc-maroc.com\/?page_id=1942"},"modified":"2024-05-08T17:44:46","modified_gmt":"2024-05-08T17:44:46","slug":"offre-emploi","status":"publish","type":"page","link":"https:\/\/ibc-maroc.com\/fr\/offre-emploi\/","title":{"rendered":"Nous rejoindre"},"content":{"rendered":"<section class=\"wpb-content-wrapper\"><p>[vc_row][vc_column][vc_column_text]International Business Consulting connait un d\u00e9veloppement soutenu aussi bien en termes de diversification de la client\u00e8le que des sujets trait\u00e9s. Cette expansion continue a cr\u00e9\u00e9 un besoin permanent de recrutement de consultants exp\u00e9riment\u00e9s dans divers secteurs d\u2019activit\u00e9 tels que la banque, l\u2019assurance et l\u2019industrie.<\/p>\n<p>Ainsi, nos consultants ont l\u2019opportunit\u00e9 d\u2019intervenir pour les plus grands acteurs du march\u00e9 Marocain et international dans des domaines diversifi\u00e9s. Notre Expertise et notre Exp\u00e9rience, nous permettent de nous positionner en v\u00e9ritable partenaire pour nos clients pour l\u2019ensemble de nos prestations et, pour nos candidats dans les processus de recrutements.<\/p>\n<p><strong>Si vous \u00eates un jeune dipl\u00f4m\u00e9 ou un consultant exp\u00e9riment\u00e9, que vous avez au moins 5 ans d\u2019\u00e9tudes sup\u00e9rieures en \u00e9cole de commerce ou d\u2019ing\u00e9nieur,<\/strong> que vous faites preuve d\u2019un sens aigu du service client, d\u2019un esprit critique et analytique ainsi que de comp\u00e9tences orales et \u00e9crites et que vous souhaitez intervenir pour les plus grands acteurs du march\u00e9 marocain et international exer\u00e7ant dans des domaines diversifi\u00e9s, nous serions heureux de vous rencontrer.[\/vc_column_text][cms_heading text=&#8221;Envoyez-nous votre candidature en remplissant le formulaire suivant, ainsi que votre CV (PDF)&#8221; tag=&#8221;h2&#8243; font_weight=&#8221;&#8221;][\/vc_column][\/vc_row][vc_row][vc_column width=&#8221;1\/5&#8243;][\/vc_column][vc_column width=&#8221;3\/5&#8243;][vc_wp_text]<div class=\"forminator-ui forminator-custom-form forminator-custom-form-1967 forminator-design--default  forminator_ajax\" data-forminator-render=\"0\" data-form=\"forminator-module-1967\" data-uid=\"69dfc599026e9\"><br\/><\/div><form\r\n\t\t\t\tid=\"forminator-module-1967\"\r\n\t\t\t\tclass=\"forminator-ui forminator-custom-form forminator-custom-form-1967 forminator-design--default  forminator_ajax\"\r\n\t\t\t\tmethod=\"post\"\r\n\t\t\t\tdata-forminator-render=\"0\"\r\n\t\t\t\tdata-form-id=\"1967\"\r\n\t\t\t\t\r\n\t\t\t\tdata-design=\"default\"\r\n\t\t\t\tdata-color-option=\"default\"\r\n\t\t\t\t\r\n\t\t\t\t\r\n\t\t\t\t\r\n\t\t\t\tdata-grid=\"open\"\r\n\t\t\t\tenctype=\"multipart\/form-data\"\r\n\t\t\t\t\r\n\t\t\t\tstyle=\"display: none;\"\r\n\t\t\t\t\r\n\t\t\t\tdata-uid=\"69dfc599026e9\"\r\n\t\t\t><div role=\"alert\" aria-live=\"polite\" class=\"forminator-response-message forminator-error\" aria-hidden=\"true\"><\/div><div class=\"forminator-row\"><div id=\"name-1\" class=\"forminator-field-name forminator-col forminator-col-12 \"><div class=\"forminator-field\"><label for=\"forminator-field-name-1_69dfc599026e9\" id=\"forminator-field-name-1_69dfc599026e9-label\" class=\"forminator-label\">Pr\u00e9nom et Nom <span class=\"forminator-required\">*<\/span><\/label><input type=\"text\" name=\"name-1\" value=\"\" placeholder=\"\" id=\"forminator-field-name-1_69dfc599026e9\" class=\"forminator-input forminator-name--field\" aria-required=\"true\" \/><\/div><\/div><\/div><div class=\"forminator-row\"><div id=\"email-1\" class=\"forminator-field-email forminator-col forminator-col-12 \"><div class=\"forminator-field\"><label for=\"forminator-field-email-1_69dfc599026e9\" id=\"forminator-field-email-1_69dfc599026e9-label\" class=\"forminator-label\">Courriel <span class=\"forminator-required\">*<\/span><\/label><input type=\"email\" name=\"email-1\" value=\"\" placeholder=\"\" id=\"forminator-field-email-1_69dfc599026e9\" class=\"forminator-input forminator-email--field\" data-required=\"true\" aria-required=\"true\" \/><\/div><\/div><\/div><div class=\"forminator-row\"><div id=\"phone-1\" class=\"forminator-field-phone forminator-col forminator-col-12 \"><div class=\"forminator-field\"><label for=\"forminator-field-phone-1_69dfc599026e9\" id=\"forminator-field-phone-1_69dfc599026e9-label\" class=\"forminator-label\">T\u00e9l\u00e9phone<\/label><input type=\"text\" name=\"phone-1\" value=\"\" placeholder=\"Ex. +212 (0)6 01 02 03 04\" id=\"forminator-field-phone-1_69dfc599026e9\" class=\"forminator-input forminator-field--phone\" data-required=\"\" aria-required=\"false\" autocomplete=\"off\" \/><\/div><\/div><\/div><div class=\"forminator-row\"><div id=\"textarea-1\" class=\"forminator-field-textarea forminator-col forminator-col-12 \"><div class=\"forminator-field\"><label for=\"forminator-field-textarea-1_69dfc599026e9\" id=\"forminator-field-textarea-1_69dfc599026e9-label\" class=\"forminator-label\">Message <span class=\"forminator-required\">*<\/span><\/label><textarea name=\"textarea-1\" placeholder=\"Saisissez votre message\" id=\"forminator-field-textarea-1_69dfc599026e9\" class=\"forminator-textarea\" rows=\"6\" style=\"min-height:140px;\" maxlength=\"180\" ><\/textarea><span id=\"forminator-field-textarea-1_69dfc599026e9-description\" class=\"forminator-description\"><span data-limit=\"180\" data-type=\"characters\" data-editor=\"\">0 \/ 180<\/span><\/span><\/div><\/div><\/div><div class=\"forminator-row\"><div id=\"upload-1\" class=\"forminator-field-upload forminator-col forminator-col-12 \"><div class=\"forminator-field\"><label for=\"forminator-field-upload-1_69dfc599026e9\" id=\"forminator-field-upload-1_69dfc599026e9-label\" class=\"forminator-label\">T\u00e9l\u00e9chargez votre CV<\/label><div class=\"forminator-file-upload \" data-element=\"upload-1_69dfc599026e9\"><input type=\"file\" name=\"upload-1\" id=\"forminator-field-upload-1_69dfc599026e9\" class=\"forminator-input-file\" accept=\".woff,.woff2,.class,.doc,.xcf,.psd,.onetoc2,.onetoc,.onetmp,.onepkg,.oxps,.pdf,.redux,.rtf,.key,.numbers,.pages,.mdb,.xls,.xlt,.xla,.xlw,.xlam,.xlsb,.xlsm,.xltm,.eot,.pot,.ppt,.pps,.ppam,.pptm,.sldm,.ppsm,.potm,.mpp,.docm,.dotm,.wri,.xps,.odc,.odb,.odf,.odg,.odp,.ods,.odt,.pptx,.sldx,.ppsx,.potx,.xlsx,.xltx,.docx,.dotx,.wp,.wpd,.7z,.gz,.gzip,.tar,.zip,.aac,.flac,.midi,.mid,.mp3,.m4b,.m4a,.oga,.ogg,.wav,.mka,.wax,.wma,.ra,.ram,.bmp,.gif,.heic,.jpe,.jpeg,.jpg,.png,.tiff,.tif,.webp,.ico,.ics,.csv,.srt,.cc,.txt,.c,.asc,.h,.rtx,.tsv,.vtt,.3gpp,.3gp,.3g2,.3gp2,.avi,.divx,.mp4,.m4v,.mpeg,.mpe,.mpg,.ogv,.qt,.mov,.webm,.flv,.mkv,.asx,.asf,.wm,.wmv,.wmx\" tabindex=\"-1\"><button id=\"forminator-field-upload-1_69dfc599026e9_button\" class=\"forminator-button forminator-button-upload\" data-id=\"forminator-field-upload-1_69dfc599026e9\">Choisissez un fichier<\/button><span data-empty-text=\"Aucun fichier choisi\">Aucun fichier choisi<\/span><button class=\"forminator-button-delete\" style=\"display: none;\"><i class=\"forminator-icon-close\" aria-hidden=\"true\"><\/i><span class=\"forminator-screen-reader-only\">Supprimer le fichier t\u00e9l\u00e9charg\u00e9<\/span><\/button><\/div><\/div><\/div><\/div><input type=\"hidden\" name=\"referer_url\" value=\"\" \/><div class=\"forminator-row forminator-row-last\"><div class=\"forminator-col\"><div class=\"forminator-field\"><button class=\"forminator-button forminator-button-submit\">Envoyez votre candidature<\/button><\/div><\/div><\/div><input type=\"hidden\" id=\"forminator_nonce\" name=\"forminator_nonce\" value=\"3c4c021e1f\" \/><input type=\"hidden\" name=\"_wp_http_referer\" value=\"\/fr\/wp-json\/wp\/v2\/pages\/1942\" \/><input type=\"hidden\" name=\"form_id\" value=\"1967\"><input type=\"hidden\" name=\"page_id\" value=\"1942\"><input type=\"hidden\" name=\"form_type\" value=\"default\"><input type=\"hidden\" name=\"current_url\" value=\"https:\/\/ibc-maroc.com\/fr\/offre-emploi\/\"><input type=\"hidden\" name=\"render_id\" value=\"0\"><input type=\"hidden\" name=\"action\" value=\"forminator_submit_form_custom-forms\"><\/form>[\/vc_wp_text][\/vc_column][vc_column width=&#8221;1\/5&#8243;][\/vc_column][\/vc_row]<\/p>\n<\/section>","protected":false},"excerpt":{"rendered":"<p>[vc_row][vc_column][vc_column_text]International Business Consulting connait un d\u00e9veloppement soutenu aussi bien en termes de diversification de la client\u00e8le que des sujets trait\u00e9s. Cette expansion continue a cr\u00e9\u00e9 un besoin permanent de recrutement de consultants exp\u00e9riment\u00e9s dans divers secteurs d\u2019activit\u00e9 tels que la banque, l\u2019assurance et l\u2019industrie. Ainsi, nos consultants ont l\u2019opportunit\u00e9 d\u2019intervenir pour les plus grands acteurs [&hellip;]<\/p>\n","protected":false},"author":1,"featured_media":0,"parent":0,"menu_order":0,"comment_status":"closed","ping_status":"closed","template":"","meta":{"footnotes":""},"class_list":["post-1942","page","type-page","status-publish","hentry"],"_links":{"self":[{"href":"https:\/\/ibc-maroc.com\/fr\/wp-json\/wp\/v2\/pages\/1942","targetHints":{"allow":["GET"]}}],"collection":[{"href":"https:\/\/ibc-maroc.com\/fr\/wp-json\/wp\/v2\/pages"}],"about":[{"href":"https:\/\/ibc-maroc.com\/fr\/wp-json\/wp\/v2\/types\/page"}],"author":[{"embeddable":true,"href":"https:\/\/ibc-maroc.com\/fr\/wp-json\/wp\/v2\/users\/1"}],"replies":[{"embeddable":true,"href":"https:\/\/ibc-maroc.com\/fr\/wp-json\/wp\/v2\/comments?post=1942"}],"version-history":[{"count":0,"href":"https:\/\/ibc-maroc.com\/fr\/wp-json\/wp\/v2\/pages\/1942\/revisions"}],"wp:attachment":[{"href":"https:\/\/ibc-maroc.com\/fr\/wp-json\/wp\/v2\/media?parent=1942"}],"curies":[{"name":"wp","href":"https:\/\/api.w.org\/{rel}","templated":true}]}}