{"id":1898,"date":"2023-06-06T21:47:36","date_gmt":"2023-06-06T21:47:36","guid":{"rendered":"https:\/\/ibc-maroc.com\/?page_id=1898"},"modified":"2023-07-05T17:44:46","modified_gmt":"2023-07-05T17:44:46","slug":"a-propos","status":"publish","type":"page","link":"https:\/\/ibc-maroc.com\/fr\/a-propos\/","title":{"rendered":"A propos"},"content":{"rendered":"<section class=\"wpb-content-wrapper\"><p>[vc_row][vc_column][cms_heading text=&#8221;Cabinet de conseil international bas\u00e9 au Maroc&#8221; tag=&#8221;h2&#8243; font_weight=&#8221;&#8221;][\/vc_column][\/vc_row][vc_row][vc_column][vc_row_inner][vc_column_inner width=&#8221;1\/3&#8243;][vc_single_image image=&#8221;1854&#8243; img_size=&#8221;full&#8221; alignment=&#8221;center&#8221;][\/vc_column_inner][vc_column_inner width=&#8221;1\/3&#8243;][vc_single_image image=&#8221;1858&#8243; img_size=&#8221;full&#8221; alignment=&#8221;center&#8221;][\/vc_column_inner][vc_column_inner width=&#8221;1\/3&#8243;][vc_single_image image=&#8221;1856&#8243; img_size=&#8221;full&#8221; alignment=&#8221;center&#8221;][\/vc_column_inner][\/vc_row_inner][\/vc_column][\/vc_row][vc_row][vc_column][vc_column_text]<strong>International Business Consulting<\/strong> \u00ab\u00a0IBC\u00a0\u00bb a \u00e9t\u00e9 fond\u00e9 par des experts internationaux de divers horizons dont l\u2019objectif majeur est d\u2019accompagner de grandes structures op\u00e9rant en Afrique, en Europe et \u00e0 travers le monde dans la r\u00e9ussite de leurs projets d\u2019envergure. Un objectif soutenu par le savoir faire de ses consultants, de <strong>sa filiale \u00e0 l\u2019international<\/strong> et de ses partenaires de confiance.<\/p>\n<p>Pr\u00e9sent aujourd\u2019hui dans divers secteurs \u00e9conomiques et partenaire de clients de premier rang, IBC est un cabinet pluridisciplinaire. De la d\u00e9finition d\u2019une strat\u00e9gie jusqu\u2019\u00e0 la mise en place d\u2019un sch\u00e9ma directeur en passant par l\u2019\u00e9laboration d\u2019une d\u00e9marche d\u2019innovation, IBC est \u00e0 m\u00eame de vous offrir une alternative innovante au sch\u00e9ma classique du monde du conseil, en vous accompagnant dans la r\u00e9ussite de vos projets les plus diversifi\u00e9s.[\/vc_column_text][\/vc_column][\/vc_row]<\/p>\n<\/section>","protected":false},"excerpt":{"rendered":"<p>[vc_row][vc_column][cms_heading text=&#8221;Cabinet de conseil international bas\u00e9 au Maroc&#8221; tag=&#8221;h2&#8243; font_weight=&#8221;&#8221;][\/vc_column][\/vc_row][vc_row][vc_column][vc_row_inner][vc_column_inner width=&#8221;1\/3&#8243;][vc_single_image image=&#8221;1854&#8243; img_size=&#8221;full&#8221; alignment=&#8221;center&#8221;][\/vc_column_inner][vc_column_inner width=&#8221;1\/3&#8243;][vc_single_image image=&#8221;1858&#8243; img_size=&#8221;full&#8221; alignment=&#8221;center&#8221;][\/vc_column_inner][vc_column_inner width=&#8221;1\/3&#8243;][vc_single_image image=&#8221;1856&#8243; img_size=&#8221;full&#8221; alignment=&#8221;center&#8221;][\/vc_column_inner][\/vc_row_inner][\/vc_column][\/vc_row][vc_row][vc_column][vc_column_text]International Business Consulting \u00ab\u00a0IBC\u00a0\u00bb a \u00e9t\u00e9 fond\u00e9 par des experts internationaux de divers horizons dont l\u2019objectif majeur est d\u2019accompagner de grandes structures op\u00e9rant en Afrique, en Europe et \u00e0 travers le monde dans la [&hellip;]<\/p>\n","protected":false},"author":2,"featured_media":0,"parent":0,"menu_order":0,"comment_status":"closed","ping_status":"closed","template":"","meta":{"footnotes":""},"class_list":["post-1898","page","type-page","status-publish","hentry"],"_links":{"self":[{"href":"https:\/\/ibc-maroc.com\/fr\/wp-json\/wp\/v2\/pages\/1898","targetHints":{"allow":["GET"]}}],"collection":[{"href":"https:\/\/ibc-maroc.com\/fr\/wp-json\/wp\/v2\/pages"}],"about":[{"href":"https:\/\/ibc-maroc.com\/fr\/wp-json\/wp\/v2\/types\/page"}],"author":[{"embeddable":true,"href":"https:\/\/ibc-maroc.com\/fr\/wp-json\/wp\/v2\/users\/2"}],"replies":[{"embeddable":true,"href":"https:\/\/ibc-maroc.com\/fr\/wp-json\/wp\/v2\/comments?post=1898"}],"version-history":[{"count":0,"href":"https:\/\/ibc-maroc.com\/fr\/wp-json\/wp\/v2\/pages\/1898\/revisions"}],"wp:attachment":[{"href":"https:\/\/ibc-maroc.com\/fr\/wp-json\/wp\/v2\/media?parent=1898"}],"curies":[{"name":"wp","href":"https:\/\/api.w.org\/{rel}","templated":true}]}}